{"id":154,"date":"2026-03-29T14:19:59","date_gmt":"2026-03-29T13:19:59","guid":{"rendered":"https:\/\/casadepedro.nl\/?page_id=154"},"modified":"2026-04-22T10:38:45","modified_gmt":"2026-04-22T09:38:45","slug":"impressie","status":"publish","type":"page","link":"https:\/\/casadepedro.nl\/?page_id=154","title":{"rendered":"Impressie"},"content":{"rendered":"\n<p>Welkom in onze Casa! \u2600\ufe0f<\/p>\n\n\n\n<p>Als je te gast bent in onze Casa, hopen we dat je niet alleen een geweldige<br>tijd hebt, maar ook volop geniet van alles wat Spanje, \u00e9n ons huis, jou te<br>bieden heeft.<\/p>\n\n\n\n<p><br>Op de begane grond vind je de gezellige living: een heerlijke bank om in<br>weg te zakken, een tv, een eettafel en een knusse open haard met twee<br>comfortabele fauteuils ervoor. Daarnaast zijn er een sfeervolle<br>ontbijtkeuken \u00e9n een reguliere keuken. Op deze etage bevinden zich ook<br>twee tweepersoons slaapkamers, beide voorzien van een eigen douche en<br>toilet.<\/p>\n\n\n\n<p><br>Dalen we een etage af, dan komen we in onze gezellige \u201cBodega\u201d. Zoals<br>de naam al doet vermoeden, vind je hier een bar en een wijnkelder, maar<br>ook een grote stamtafel, een ontbijtterras met uitzicht over de vallei, een<br>kast vol Nederlandstalige boeken, een flinke collectie<br>gezelschapsspelletjes, een mega tv \u00e9n een karaoke set, perfect voor een<br>gezellige avond, binnen of buiten!<\/p>\n\n\n\n<p><br>We werken met een \u201cBar Honesta\u201d: de koeling is gevuld met wijn, bier en<br>frisdrank. Je mag hier onbeperkt van genieten tegen een vriendelijk prijsje,<br>en je houdt zelf bij wat je gebruikt. Liever je eigen drankjes gekoeld? Geen<br>probleem, er is ook een aparte koelkast beschikbaar.<\/p>\n\n\n\n<p><br>Op de bodega-etage bevinden zich nog eens twee tweepersoons<br>slaapkamers, elk met een eigen douche en toilet. In totaal heeft de Casa<br>dus vier knusse gastenkamers, geschikt voor maximaal acht gasten.<br>Alle kamers zijn voorzien van airco en televisie, en overal in huis, op de<br>terrassen \u00e9n bij het zwembad is free wifi beschikbaar. In de badkamers<br>vind je een f\u00f6hn, shampoo en douchegel. Dagelijks (indien gewenst)<br>zorgen we voor schone handdoeken en lopen de (bad)kamers even na. De<br>bedden worden netjes opgemaakt en we verschonen het beddengoed<br>wekelijks (of vaker indien dat nodig is).<\/p>\n\n\n\n<p><br>Het ontbijt verzorgen wij graag voor jullie, op een tijdstip dat we samen<br>afstemmen. Daarnaast ben je vrij om gebruik te maken van de<br>buitenkeukens, grills en BBQ\u2019s. Ook de wasmachine staat tot je<br>beschikking, ideaal als je \u201clight\u201d wilt reizen met alleen handbagage!<\/p>\n\n\n\n<p>Nog een etage lager vind je onze gym. Vanaf 10 uur in de ochtend kun je<br>hier, als je zin hebt, werken aan je conditie. De gym is uitgerust met onder<br>andere een loopband (met tv), roeimachine, hometrainer, boksbal en een<br>professionele powerlift machine. Ook is er een massagedouche en een<br>toilet aanwezig.<\/p>\n\n\n\n<p><br>Rondom de Casa liggen verschillende terrassen. Perfect om samen te<br>komen, maar ook om je even terug te trekken als je behoefte hebt aan rust<br>en privacy. Dankzij de overkappingen kun je altijd een plekje in de schaduw<br>vinden.<\/p>\n\n\n\n<p><br>Zin in een dagje strand? De prachtige stranden van D\u00e9nia en J\u00e1vea liggen<br>binnen handbereik. Hier kun je heerlijk eten en drinken. Ga je liever voor<br>een rustig plekje? Dan geven we je graag een koelbox mee, zodat je in alle<br>ontspanning van je eigen gekoelde drankjes kunt genieten.<br>Blijf je liever in of rond de Casa in de namiddag? Dan zorgen wij voor een<br>lekker bittergarnituurtje, een gezellig momentje met een hapje en<br>misschien een drankje erbij.<\/p>\n\n\n\n<p>Voor de rest geldt maar \u00e9\u00e9n ding: maak je thuis.<br>Laat \u00f3nze Casa ook jullie Casa zijn, een plek vol gezelligheid, mooie<br>ontmoetingen, ontspannen momenten en herinneringen die bijdragen aan<br>dat heerlijke Spaanse gevoel en het feit dat je er even helemaal tussenuit<br>bent\u2026<\/p>\n\n\n\n<div class=\"wp-block-group is-layout-grid wp-container-core-group-is-layout-478b6e6b wp-block-group-is-layout-grid\">\n<figure class=\"wp-block-image size-large\"><img loading=\"lazy\" decoding=\"async\" width=\"768\" height=\"1024\" src=\"https:\/\/casadepedro.nl\/wp-content\/uploads\/2025\/11\/image00006-768x1024.jpeg\" alt=\"\" class=\"wp-image-118\" srcset=\"https:\/\/casadepedro.nl\/wp-content\/uploads\/2025\/11\/image00006-768x1024.jpeg 768w, https:\/\/casadepedro.nl\/wp-content\/uploads\/2025\/11\/image00006-225x300.jpeg 225w, https:\/\/casadepedro.nl\/wp-content\/uploads\/2025\/11\/image00006-1152x1536.jpeg 1152w, https:\/\/casadepedro.nl\/wp-content\/uploads\/2025\/11\/image00006-1536x2048.jpeg 1536w, https:\/\/casadepedro.nl\/wp-content\/uploads\/2025\/11\/image00006-scaled.jpeg 1920w\" sizes=\"auto, (max-width: 768px) 100vw, 768px\" \/><\/figure>\n\n\n\n<figure class=\"wp-block-image size-large\"><img loading=\"lazy\" decoding=\"async\" width=\"768\" height=\"1024\" src=\"https:\/\/casadepedro.nl\/wp-content\/uploads\/2026\/04\/image00010-768x1024.jpeg\" alt=\"\" class=\"wp-image-185\" srcset=\"https:\/\/casadepedro.nl\/wp-content\/uploads\/2026\/04\/image00010-768x1024.jpeg 768w, https:\/\/casadepedro.nl\/wp-content\/uploads\/2026\/04\/image00010-225x300.jpeg 225w, https:\/\/casadepedro.nl\/wp-content\/uploads\/2026\/04\/image00010-1152x1536.jpeg 1152w, https:\/\/casadepedro.nl\/wp-content\/uploads\/2026\/04\/image00010-1536x2048.jpeg 1536w, https:\/\/casadepedro.nl\/wp-content\/uploads\/2026\/04\/image00010-scaled.jpeg 1920w\" sizes=\"auto, (max-width: 768px) 100vw, 768px\" \/><\/figure>\n\n\n\n<figure class=\"wp-block-image size-large\"><img loading=\"lazy\" decoding=\"async\" width=\"768\" height=\"1024\" src=\"https:\/\/casadepedro.nl\/wp-content\/uploads\/2025\/11\/image00034-768x1024.jpeg\" alt=\"\" class=\"wp-image-114\" srcset=\"https:\/\/casadepedro.nl\/wp-content\/uploads\/2025\/11\/image00034-768x1024.jpeg 768w, https:\/\/casadepedro.nl\/wp-content\/uploads\/2025\/11\/image00034-225x300.jpeg 225w, https:\/\/casadepedro.nl\/wp-content\/uploads\/2025\/11\/image00034-1152x1536.jpeg 1152w, https:\/\/casadepedro.nl\/wp-content\/uploads\/2025\/11\/image00034-1536x2048.jpeg 1536w, https:\/\/casadepedro.nl\/wp-content\/uploads\/2025\/11\/image00034-scaled.jpeg 1920w\" sizes=\"auto, (max-width: 768px) 100vw, 768px\" \/><\/figure>\n<\/div>\n\n\n\n<div class=\"wp-block-group is-layout-grid wp-container-core-group-is-layout-478b6e6b wp-block-group-is-layout-grid\">\n<figure class=\"wp-block-image size-large\"><img loading=\"lazy\" decoding=\"async\" width=\"1024\" height=\"768\" src=\"https:\/\/casadepedro.nl\/wp-content\/uploads\/2025\/11\/image00048-1024x768.jpeg\" alt=\"\" class=\"wp-image-119\" srcset=\"https:\/\/casadepedro.nl\/wp-content\/uploads\/2025\/11\/image00048-1024x768.jpeg 1024w, https:\/\/casadepedro.nl\/wp-content\/uploads\/2025\/11\/image00048-300x225.jpeg 300w, https:\/\/casadepedro.nl\/wp-content\/uploads\/2025\/11\/image00048-768x576.jpeg 768w, https:\/\/casadepedro.nl\/wp-content\/uploads\/2025\/11\/image00048-1536x1152.jpeg 1536w, https:\/\/casadepedro.nl\/wp-content\/uploads\/2025\/11\/image00048-2048x1536.jpeg 2048w\" sizes=\"auto, (max-width: 1024px) 100vw, 1024px\" \/><\/figure>\n\n\n\n<figure class=\"wp-block-image size-large\"><img loading=\"lazy\" decoding=\"async\" width=\"1024\" height=\"768\" src=\"https:\/\/casadepedro.nl\/wp-content\/uploads\/2026\/04\/image00007-1024x768.jpeg\" alt=\"\" class=\"wp-image-182\" srcset=\"https:\/\/casadepedro.nl\/wp-content\/uploads\/2026\/04\/image00007-1024x768.jpeg 1024w, https:\/\/casadepedro.nl\/wp-content\/uploads\/2026\/04\/image00007-300x225.jpeg 300w, https:\/\/casadepedro.nl\/wp-content\/uploads\/2026\/04\/image00007-768x576.jpeg 768w, https:\/\/casadepedro.nl\/wp-content\/uploads\/2026\/04\/image00007-1536x1152.jpeg 1536w, https:\/\/casadepedro.nl\/wp-content\/uploads\/2026\/04\/image00007-2048x1536.jpeg 2048w\" sizes=\"auto, (max-width: 1024px) 100vw, 1024px\" \/><\/figure>\n\n\n\n<figure class=\"wp-block-image size-large\"><img loading=\"lazy\" decoding=\"async\" width=\"1024\" height=\"768\" src=\"https:\/\/casadepedro.nl\/wp-content\/uploads\/2026\/04\/image00004-1024x768.jpeg\" alt=\"\" class=\"wp-image-179\" srcset=\"https:\/\/casadepedro.nl\/wp-content\/uploads\/2026\/04\/image00004-1024x768.jpeg 1024w, https:\/\/casadepedro.nl\/wp-content\/uploads\/2026\/04\/image00004-300x225.jpeg 300w, https:\/\/casadepedro.nl\/wp-content\/uploads\/2026\/04\/image00004-768x576.jpeg 768w, https:\/\/casadepedro.nl\/wp-content\/uploads\/2026\/04\/image00004-1536x1152.jpeg 1536w, https:\/\/casadepedro.nl\/wp-content\/uploads\/2026\/04\/image00004-2048x1536.jpeg 2048w\" sizes=\"auto, (max-width: 1024px) 100vw, 1024px\" \/><\/figure>\n<\/div>\n\n\n\n<div class=\"wp-block-group is-layout-grid wp-container-core-group-is-layout-478b6e6b wp-block-group-is-layout-grid\">\n<figure class=\"wp-block-image size-large\"><img loading=\"lazy\" decoding=\"async\" width=\"768\" height=\"1024\" src=\"https:\/\/casadepedro.nl\/wp-content\/uploads\/2025\/11\/image00033-768x1024.jpeg\" alt=\"\" class=\"wp-image-110\" srcset=\"https:\/\/casadepedro.nl\/wp-content\/uploads\/2025\/11\/image00033-768x1024.jpeg 768w, https:\/\/casadepedro.nl\/wp-content\/uploads\/2025\/11\/image00033-225x300.jpeg 225w, https:\/\/casadepedro.nl\/wp-content\/uploads\/2025\/11\/image00033-1152x1536.jpeg 1152w, https:\/\/casadepedro.nl\/wp-content\/uploads\/2025\/11\/image00033-1536x2048.jpeg 1536w, https:\/\/casadepedro.nl\/wp-content\/uploads\/2025\/11\/image00033-scaled.jpeg 1920w\" sizes=\"auto, (max-width: 768px) 100vw, 768px\" \/><\/figure>\n\n\n\n<figure class=\"wp-block-image size-large\"><img loading=\"lazy\" decoding=\"async\" width=\"768\" height=\"1024\" src=\"https:\/\/casadepedro.nl\/wp-content\/uploads\/2026\/04\/image00012-768x1024.jpeg\" alt=\"\" class=\"wp-image-173\" srcset=\"https:\/\/casadepedro.nl\/wp-content\/uploads\/2026\/04\/image00012-768x1024.jpeg 768w, https:\/\/casadepedro.nl\/wp-content\/uploads\/2026\/04\/image00012-225x300.jpeg 225w, https:\/\/casadepedro.nl\/wp-content\/uploads\/2026\/04\/image00012-1152x1536.jpeg 1152w, https:\/\/casadepedro.nl\/wp-content\/uploads\/2026\/04\/image00012-1536x2048.jpeg 1536w, https:\/\/casadepedro.nl\/wp-content\/uploads\/2026\/04\/image00012-scaled.jpeg 1920w\" sizes=\"auto, (max-width: 768px) 100vw, 768px\" \/><\/figure>\n\n\n\n<figure class=\"wp-block-image size-full\"><img loading=\"lazy\" decoding=\"async\" width=\"1920\" height=\"2560\" src=\"https:\/\/casadepedro.nl\/wp-content\/uploads\/2025\/11\/image00037-scaled.jpeg\" alt=\"\" class=\"wp-image-102\" srcset=\"https:\/\/casadepedro.nl\/wp-content\/uploads\/2025\/11\/image00037-scaled.jpeg 1920w, https:\/\/casadepedro.nl\/wp-content\/uploads\/2025\/11\/image00037-225x300.jpeg 225w\" sizes=\"auto, (max-width: 1920px) 100vw, 1920px\" \/><\/figure>\n<\/div>\n\n\n\n<div class=\"wp-block-group is-layout-grid wp-container-core-group-is-layout-478b6e6b wp-block-group-is-layout-grid\">\n<figure class=\"wp-block-image size-large\"><img loading=\"lazy\" decoding=\"async\" width=\"1024\" height=\"768\" src=\"https:\/\/casadepedro.nl\/wp-content\/uploads\/2025\/11\/image00020-1024x768.jpeg\" alt=\"\" class=\"wp-image-89\" srcset=\"https:\/\/casadepedro.nl\/wp-content\/uploads\/2025\/11\/image00020-1024x768.jpeg 1024w, https:\/\/casadepedro.nl\/wp-content\/uploads\/2025\/11\/image00020-300x225.jpeg 300w, https:\/\/casadepedro.nl\/wp-content\/uploads\/2025\/11\/image00020-768x576.jpeg 768w, https:\/\/casadepedro.nl\/wp-content\/uploads\/2025\/11\/image00020-1536x1152.jpeg 1536w, https:\/\/casadepedro.nl\/wp-content\/uploads\/2025\/11\/image00020-2048x1536.jpeg 2048w\" sizes=\"auto, (max-width: 1024px) 100vw, 1024px\" \/><\/figure>\n\n\n\n<figure class=\"wp-block-image size-large\"><img loading=\"lazy\" decoding=\"async\" width=\"1024\" height=\"768\" src=\"https:\/\/casadepedro.nl\/wp-content\/uploads\/2025\/11\/image00015-1024x768.jpeg\" alt=\"\" class=\"wp-image-108\" srcset=\"https:\/\/casadepedro.nl\/wp-content\/uploads\/2025\/11\/image00015-1024x768.jpeg 1024w, https:\/\/casadepedro.nl\/wp-content\/uploads\/2025\/11\/image00015-300x225.jpeg 300w, https:\/\/casadepedro.nl\/wp-content\/uploads\/2025\/11\/image00015-768x576.jpeg 768w, https:\/\/casadepedro.nl\/wp-content\/uploads\/2025\/11\/image00015-1536x1152.jpeg 1536w, https:\/\/casadepedro.nl\/wp-content\/uploads\/2025\/11\/image00015-2048x1536.jpeg 2048w\" sizes=\"auto, (max-width: 1024px) 100vw, 1024px\" \/><\/figure>\n\n\n\n<figure class=\"wp-block-image size-large\"><img loading=\"lazy\" decoding=\"async\" width=\"1024\" height=\"768\" src=\"https:\/\/casadepedro.nl\/wp-content\/uploads\/2025\/11\/image00050-1024x768.jpeg\" alt=\"\" class=\"wp-image-107\" srcset=\"https:\/\/casadepedro.nl\/wp-content\/uploads\/2025\/11\/image00050-1024x768.jpeg 1024w, https:\/\/casadepedro.nl\/wp-content\/uploads\/2025\/11\/image00050-300x225.jpeg 300w, https:\/\/casadepedro.nl\/wp-content\/uploads\/2025\/11\/image00050-768x576.jpeg 768w, https:\/\/casadepedro.nl\/wp-content\/uploads\/2025\/11\/image00050-1536x1152.jpeg 1536w, https:\/\/casadepedro.nl\/wp-content\/uploads\/2025\/11\/image00050-2048x1536.jpeg 2048w\" sizes=\"auto, (max-width: 1024px) 100vw, 1024px\" \/><\/figure>\n<\/div>\n\n\n\n<div class=\"wp-block-group is-layout-grid wp-container-core-group-is-layout-478b6e6b wp-block-group-is-layout-grid\">\n<figure class=\"wp-block-image size-large\"><img loading=\"lazy\" decoding=\"async\" width=\"768\" height=\"1024\" src=\"https:\/\/casadepedro.nl\/wp-content\/uploads\/2025\/11\/image00028-768x1024.jpeg\" alt=\"\" class=\"wp-image-95\" srcset=\"https:\/\/casadepedro.nl\/wp-content\/uploads\/2025\/11\/image00028-768x1024.jpeg 768w, https:\/\/casadepedro.nl\/wp-content\/uploads\/2025\/11\/image00028-225x300.jpeg 225w, https:\/\/casadepedro.nl\/wp-content\/uploads\/2025\/11\/image00028-scaled.jpeg 1920w\" sizes=\"auto, (max-width: 768px) 100vw, 768px\" \/><\/figure>\n\n\n\n<figure class=\"wp-block-image size-large\"><img loading=\"lazy\" decoding=\"async\" width=\"768\" height=\"1024\" src=\"https:\/\/casadepedro.nl\/wp-content\/uploads\/2025\/11\/image00027-768x1024.jpeg\" alt=\"\" class=\"wp-image-96\" srcset=\"https:\/\/casadepedro.nl\/wp-content\/uploads\/2025\/11\/image00027-768x1024.jpeg 768w, https:\/\/casadepedro.nl\/wp-content\/uploads\/2025\/11\/image00027-225x300.jpeg 225w, https:\/\/casadepedro.nl\/wp-content\/uploads\/2025\/11\/image00027-scaled.jpeg 1920w\" sizes=\"auto, (max-width: 768px) 100vw, 768px\" \/><\/figure>\n\n\n\n<figure class=\"wp-block-image size-large\"><img loading=\"lazy\" decoding=\"async\" width=\"768\" height=\"1024\" src=\"https:\/\/casadepedro.nl\/wp-content\/uploads\/2025\/11\/image00041-768x1024.jpeg\" alt=\"\" class=\"wp-image-88\" srcset=\"https:\/\/casadepedro.nl\/wp-content\/uploads\/2025\/11\/image00041-768x1024.jpeg 768w, https:\/\/casadepedro.nl\/wp-content\/uploads\/2025\/11\/image00041-225x300.jpeg 225w, https:\/\/casadepedro.nl\/wp-content\/uploads\/2025\/11\/image00041-1152x1536.jpeg 1152w, https:\/\/casadepedro.nl\/wp-content\/uploads\/2025\/11\/image00041-1536x2048.jpeg 1536w, https:\/\/casadepedro.nl\/wp-content\/uploads\/2025\/11\/image00041-scaled.jpeg 1920w\" sizes=\"auto, (max-width: 768px) 100vw, 768px\" \/><\/figure>\n<\/div>\n\n\n\n<div class=\"wp-block-group is-layout-grid wp-container-core-group-is-layout-478b6e6b wp-block-group-is-layout-grid\">\n<figure class=\"wp-block-image size-large\"><img loading=\"lazy\" decoding=\"async\" width=\"1024\" height=\"768\" src=\"https:\/\/casadepedro.nl\/wp-content\/uploads\/2025\/11\/image00014-1024x768.jpeg\" alt=\"\" class=\"wp-image-93\" srcset=\"https:\/\/casadepedro.nl\/wp-content\/uploads\/2025\/11\/image00014-1024x768.jpeg 1024w, https:\/\/casadepedro.nl\/wp-content\/uploads\/2025\/11\/image00014-300x225.jpeg 300w, https:\/\/casadepedro.nl\/wp-content\/uploads\/2025\/11\/image00014-768x576.jpeg 768w, https:\/\/casadepedro.nl\/wp-content\/uploads\/2025\/11\/image00014-1536x1152.jpeg 1536w, https:\/\/casadepedro.nl\/wp-content\/uploads\/2025\/11\/image00014-2048x1536.jpeg 2048w\" sizes=\"auto, (max-width: 1024px) 100vw, 1024px\" \/><\/figure>\n\n\n\n<figure class=\"wp-block-image size-large\"><img loading=\"lazy\" decoding=\"async\" width=\"1024\" height=\"768\" src=\"https:\/\/casadepedro.nl\/wp-content\/uploads\/2025\/11\/image00007-1024x768.jpeg\" alt=\"\" class=\"wp-image-90\" srcset=\"https:\/\/casadepedro.nl\/wp-content\/uploads\/2025\/11\/image00007-1024x768.jpeg 1024w, https:\/\/casadepedro.nl\/wp-content\/uploads\/2025\/11\/image00007-300x225.jpeg 300w, https:\/\/casadepedro.nl\/wp-content\/uploads\/2025\/11\/image00007-768x576.jpeg 768w, https:\/\/casadepedro.nl\/wp-content\/uploads\/2025\/11\/image00007-1536x1152.jpeg 1536w, https:\/\/casadepedro.nl\/wp-content\/uploads\/2025\/11\/image00007-2048x1536.jpeg 2048w\" sizes=\"auto, (max-width: 1024px) 100vw, 1024px\" \/><\/figure>\n\n\n\n<figure class=\"wp-block-image size-large\"><img loading=\"lazy\" decoding=\"async\" width=\"1024\" height=\"768\" src=\"https:\/\/casadepedro.nl\/wp-content\/uploads\/2025\/11\/image00011-1024x768.jpeg\" alt=\"\" class=\"wp-image-84\" srcset=\"https:\/\/casadepedro.nl\/wp-content\/uploads\/2025\/11\/image00011-1024x768.jpeg 1024w, https:\/\/casadepedro.nl\/wp-content\/uploads\/2025\/11\/image00011-300x225.jpeg 300w, https:\/\/casadepedro.nl\/wp-content\/uploads\/2025\/11\/image00011-768x576.jpeg 768w, https:\/\/casadepedro.nl\/wp-content\/uploads\/2025\/11\/image00011-1536x1152.jpeg 1536w, https:\/\/casadepedro.nl\/wp-content\/uploads\/2025\/11\/image00011-2048x1536.jpeg 2048w\" sizes=\"auto, (max-width: 1024px) 100vw, 1024px\" \/><\/figure>\n<\/div>\n\n\n\n<div class=\"wp-block-group is-layout-grid wp-container-core-group-is-layout-478b6e6b wp-block-group-is-layout-grid\">\n<figure class=\"wp-block-image size-large\"><img loading=\"lazy\" decoding=\"async\" width=\"768\" height=\"1024\" src=\"https:\/\/casadepedro.nl\/wp-content\/uploads\/2025\/11\/image00005-768x1024.jpeg\" alt=\"\" class=\"wp-image-71\" srcset=\"https:\/\/casadepedro.nl\/wp-content\/uploads\/2025\/11\/image00005-768x1024.jpeg 768w, https:\/\/casadepedro.nl\/wp-content\/uploads\/2025\/11\/image00005-225x300.jpeg 225w, https:\/\/casadepedro.nl\/wp-content\/uploads\/2025\/11\/image00005-1152x1536.jpeg 1152w, https:\/\/casadepedro.nl\/wp-content\/uploads\/2025\/11\/image00005-1536x2048.jpeg 1536w, https:\/\/casadepedro.nl\/wp-content\/uploads\/2025\/11\/image00005-scaled.jpeg 1920w\" sizes=\"auto, (max-width: 768px) 100vw, 768px\" \/><\/figure>\n\n\n\n<figure class=\"wp-block-image size-full\"><img loading=\"lazy\" decoding=\"async\" width=\"1920\" height=\"2560\" src=\"https:\/\/casadepedro.nl\/wp-content\/uploads\/2025\/11\/image00031-scaled.jpeg\" alt=\"\" class=\"wp-image-77\" srcset=\"https:\/\/casadepedro.nl\/wp-content\/uploads\/2025\/11\/image00031-scaled.jpeg 1920w, https:\/\/casadepedro.nl\/wp-content\/uploads\/2025\/11\/image00031-225x300.jpeg 225w\" sizes=\"auto, (max-width: 1920px) 100vw, 1920px\" \/><\/figure>\n\n\n\n<figure class=\"wp-block-image size-large\"><img loading=\"lazy\" decoding=\"async\" width=\"768\" height=\"1024\" src=\"https:\/\/casadepedro.nl\/wp-content\/uploads\/2025\/11\/image00036-768x1024.jpeg\" alt=\"\" class=\"wp-image-92\" srcset=\"https:\/\/casadepedro.nl\/wp-content\/uploads\/2025\/11\/image00036-768x1024.jpeg 768w, https:\/\/casadepedro.nl\/wp-content\/uploads\/2025\/11\/image00036-225x300.jpeg 225w, https:\/\/casadepedro.nl\/wp-content\/uploads\/2025\/11\/image00036-1152x1536.jpeg 1152w, https:\/\/casadepedro.nl\/wp-content\/uploads\/2025\/11\/image00036-1536x2048.jpeg 1536w, https:\/\/casadepedro.nl\/wp-content\/uploads\/2025\/11\/image00036-scaled.jpeg 1920w\" sizes=\"auto, (max-width: 768px) 100vw, 768px\" \/><\/figure>\n<\/div>\n\n\n\n<div class=\"wp-block-group is-layout-grid wp-container-core-group-is-layout-478b6e6b wp-block-group-is-layout-grid\">\n<figure class=\"wp-block-image size-large\"><img loading=\"lazy\" decoding=\"async\" width=\"1024\" height=\"768\" src=\"https:\/\/casadepedro.nl\/wp-content\/uploads\/2025\/11\/image00054-1024x768.jpeg\" alt=\"\" class=\"wp-image-72\" srcset=\"https:\/\/casadepedro.nl\/wp-content\/uploads\/2025\/11\/image00054-1024x768.jpeg 1024w, https:\/\/casadepedro.nl\/wp-content\/uploads\/2025\/11\/image00054-300x225.jpeg 300w, https:\/\/casadepedro.nl\/wp-content\/uploads\/2025\/11\/image00054-768x576.jpeg 768w, https:\/\/casadepedro.nl\/wp-content\/uploads\/2025\/11\/image00054-1536x1152.jpeg 1536w, https:\/\/casadepedro.nl\/wp-content\/uploads\/2025\/11\/image00054-2048x1536.jpeg 2048w\" sizes=\"auto, (max-width: 1024px) 100vw, 1024px\" \/><\/figure>\n\n\n\n<figure class=\"wp-block-image size-large\"><img loading=\"lazy\" decoding=\"async\" width=\"1024\" height=\"768\" src=\"https:\/\/casadepedro.nl\/wp-content\/uploads\/2025\/11\/image00053-1024x768.jpeg\" alt=\"\" class=\"wp-image-80\" srcset=\"https:\/\/casadepedro.nl\/wp-content\/uploads\/2025\/11\/image00053-1024x768.jpeg 1024w, https:\/\/casadepedro.nl\/wp-content\/uploads\/2025\/11\/image00053-300x225.jpeg 300w, https:\/\/casadepedro.nl\/wp-content\/uploads\/2025\/11\/image00053-768x576.jpeg 768w, https:\/\/casadepedro.nl\/wp-content\/uploads\/2025\/11\/image00053-1536x1152.jpeg 1536w, https:\/\/casadepedro.nl\/wp-content\/uploads\/2025\/11\/image00053-2048x1536.jpeg 2048w\" sizes=\"auto, (max-width: 1024px) 100vw, 1024px\" \/><\/figure>\n\n\n\n<figure class=\"wp-block-image size-large\"><img loading=\"lazy\" decoding=\"async\" width=\"1024\" height=\"768\" src=\"https:\/\/casadepedro.nl\/wp-content\/uploads\/2026\/04\/image00001-1024x768.jpeg\" alt=\"\" class=\"wp-image-176\" srcset=\"https:\/\/casadepedro.nl\/wp-content\/uploads\/2026\/04\/image00001-1024x768.jpeg 1024w, https:\/\/casadepedro.nl\/wp-content\/uploads\/2026\/04\/image00001-300x225.jpeg 300w, https:\/\/casadepedro.nl\/wp-content\/uploads\/2026\/04\/image00001-768x576.jpeg 768w, https:\/\/casadepedro.nl\/wp-content\/uploads\/2026\/04\/image00001-1536x1152.jpeg 1536w, https:\/\/casadepedro.nl\/wp-content\/uploads\/2026\/04\/image00001-2048x1536.jpeg 2048w\" sizes=\"auto, (max-width: 1024px) 100vw, 1024px\" \/><\/figure>\n<\/div>\n","protected":false},"excerpt":{"rendered":"<p>Welkom in onze Casa! \u2600\ufe0f Als je te gast bent in onze Casa, hopen we dat je niet alleen een geweldigetijd hebt, maar ook volop geniet van alles wat Spanje, \u00e9n ons huis, jou tebieden heeft. Op de begane grond vind je de gezellige living: een heerlijke bank om inweg te zakken, een tv, een [&hellip;]<\/p>\n","protected":false},"author":1,"featured_media":0,"parent":0,"menu_order":0,"comment_status":"closed","ping_status":"closed","template":"","meta":{"footnotes":""},"class_list":["post-154","page","type-page","status-publish","hentry"],"_links":{"self":[{"href":"https:\/\/casadepedro.nl\/index.php?rest_route=\/wp\/v2\/pages\/154","targetHints":{"allow":["GET"]}}],"collection":[{"href":"https:\/\/casadepedro.nl\/index.php?rest_route=\/wp\/v2\/pages"}],"about":[{"href":"https:\/\/casadepedro.nl\/index.php?rest_route=\/wp\/v2\/types\/page"}],"author":[{"embeddable":true,"href":"https:\/\/casadepedro.nl\/index.php?rest_route=\/wp\/v2\/users\/1"}],"replies":[{"embeddable":true,"href":"https:\/\/casadepedro.nl\/index.php?rest_route=%2Fwp%2Fv2%2Fcomments&post=154"}],"version-history":[{"count":6,"href":"https:\/\/casadepedro.nl\/index.php?rest_route=\/wp\/v2\/pages\/154\/revisions"}],"predecessor-version":[{"id":188,"href":"https:\/\/casadepedro.nl\/index.php?rest_route=\/wp\/v2\/pages\/154\/revisions\/188"}],"wp:attachment":[{"href":"https:\/\/casadepedro.nl\/index.php?rest_route=%2Fwp%2Fv2%2Fmedia&parent=154"}],"curies":[{"name":"wp","href":"https:\/\/api.w.org\/{rel}","templated":true}]}}